{"id":5287,"date":"2019-01-10T08:32:27","date_gmt":"2019-01-10T07:32:27","guid":{"rendered":"https:\/\/www.ramuscompany.com\/references"},"modified":"2021-08-17T11:03:52","modified_gmt":"2021-08-17T09:03:52","slug":"references","status":"publish","type":"page","link":"https:\/\/www.ramuscompany.com\/fr\/references\/","title":{"rendered":"R\u00e9f\u00e9rences"},"content":{"rendered":"<h1 style=\"text-align: center;\">R\u00e9f\u00e9rences<\/h1>\n<p style=\"text-align: center;\">Les membres de l\u2019\u00e9quipe de Ramus &amp; Company ont r\u00e9alis\u00e9 <strong>plus de 250 op\u00e9rations<\/strong> nationales et internationales et ce, dans un large \u00e9ventail de secteurs. Vous trouverez ci-dessous un aper\u00e7u de nos diverses activit\u00e9s de conseil. Nous serions heureux de vous donner de plus amples informations et des r\u00e9f\u00e9rences suppl\u00e9mentaires lors d&rsquo;un entretien personnel.<\/p>\n","protected":false},"excerpt":{"rendered":"<p>R\u00e9f\u00e9rences Les membres de l\u2019\u00e9quipe de Ramus &amp; Company ont r\u00e9alis\u00e9 plus de 250 op\u00e9rations nationales et internationales et ce, dans un large \u00e9ventail de secteurs. Vous trouverez ci-dessous un aper\u00e7u de nos diverses activit\u00e9s de conseil. Nous serions heureux de vous donner de plus amples informations et des r\u00e9f\u00e9rences suppl\u00e9mentaires lors d&rsquo;un entretien personnel.<\/p>\n","protected":false},"author":2,"featured_media":0,"parent":0,"menu_order":30,"comment_status":"closed","ping_status":"closed","template":"page-referenzen.php","meta":{"_acf_changed":false,"inline_featured_image":false,"footnotes":""},"class_list":["post-5287","page","type-page","status-publish","hentry"],"acf":[],"aioseo_notices":[],"_links":{"self":[{"href":"https:\/\/www.ramuscompany.com\/fr\/wp-json\/wp\/v2\/pages\/5287","targetHints":{"allow":["GET"]}}],"collection":[{"href":"https:\/\/www.ramuscompany.com\/fr\/wp-json\/wp\/v2\/pages"}],"about":[{"href":"https:\/\/www.ramuscompany.com\/fr\/wp-json\/wp\/v2\/types\/page"}],"author":[{"embeddable":true,"href":"https:\/\/www.ramuscompany.com\/fr\/wp-json\/wp\/v2\/users\/2"}],"replies":[{"embeddable":true,"href":"https:\/\/www.ramuscompany.com\/fr\/wp-json\/wp\/v2\/comments?post=5287"}],"version-history":[{"count":4,"href":"https:\/\/www.ramuscompany.com\/fr\/wp-json\/wp\/v2\/pages\/5287\/revisions"}],"predecessor-version":[{"id":9139,"href":"https:\/\/www.ramuscompany.com\/fr\/wp-json\/wp\/v2\/pages\/5287\/revisions\/9139"}],"wp:attachment":[{"href":"https:\/\/www.ramuscompany.com\/fr\/wp-json\/wp\/v2\/media?parent=5287"}],"curies":[{"name":"wp","href":"https:\/\/api.w.org\/{rel}","templated":true}]}}